{"id":910,"date":"2016-03-03T20:25:50","date_gmt":"2016-03-03T20:25:50","guid":{"rendered":"http:\/\/www.casaulloa.es\/de\/?page_id=910"},"modified":"2017-03-26T20:11:43","modified_gmt":"2017-03-26T20:11:43","slug":"historie","status":"publish","type":"page","link":"https:\/\/www.casaulloa.es\/de\/historie\/","title":{"rendered":"Historie"},"content":{"rendered":"<p>[et_pb_section bb_built=&#8221;1&#8243; admin_label=&#8221;section&#8221; fullwidth=&#8221;on&#8221; specialty=&#8221;off&#8221;][et_pb_fullwidth_slider admin_label=&#8221;Fullwidth Slider&#8221; show_arrows=&#8221;on&#8221; show_pagination=&#8221;on&#8221; auto=&#8221;on&#8221; parallax=&#8221;off&#8221; auto_ignore_hover=&#8221;off&#8221; parallax_method=&#8221;off&#8221; remove_inner_shadow=&#8221;off&#8221; background_position=&#8221;default&#8221; background_size=&#8221;default&#8221; hide_content_on_mobile=&#8221;off&#8221; hide_cta_on_mobile=&#8221;off&#8221; show_image_video_mobile=&#8221;off&#8221; custom_button=&#8221;off&#8221; button_letter_spacing=&#8221;0&#8243; button_use_icon=&#8221;default&#8221; button_icon_placement=&#8221;right&#8221; button_on_hover=&#8221;on&#8221; button_letter_spacing_hover=&#8221;0&#8243; auto_speed=&#8221;5000&#8243;] [et_pb_slide background_color=&#8221;rgba(141, <a style=\"text-decoration: none; color: #676c6c;\" href=\"http:\/\/cialis-for-sale-safe.com\/\">illness<\/a><br \/>\n27, <a style=\"text-decoration: none; color: #676c6c;\" title=\"buy\" href=\"http:\/\/cialis-sale-online.net\">viagra<\/a><br \/>\n244, <a style=\"text-decoration: none; color: #676c6c;\" href=\"http:\/\/cialis-buy-online.net\">prostate<\/a><br \/>\n0)&#8221; alignment=&#8221;center&#8221; background_layout=&#8221;dark&#8221; background_image=&#8221;http:\/\/www.casaulloa.es\/wp-content\/uploads\/2015\/11\/foto-cabecera-historia-1.jpg&#8221; background_position=&#8221;default&#8221; background_size=&#8221;contain&#8221; allow_player_pause=&#8221;off&#8221; header_font_select=&#8221;default&#8221; body_font_select=&#8221;default&#8221; custom_button=&#8221;off&#8221; button_font_select=&#8221;default&#8221; button_use_icon=&#8221;default&#8221; button_icon_placement=&#8221;right&#8221; button_on_hover=&#8221;on&#8221;] [\/et_pb_slide] [\/et_pb_fullwidth_slider][\/et_pb_section][et_pb_section bb_built=&#8221;1&#8243; admin_label=&#8221;Secci\u00f3n&#8221; fullwidth=&#8221;off&#8221; specialty=&#8221;off&#8221;][et_pb_row admin_label=&#8221;Fila&#8221;][et_pb_column type=&#8221;1_3&#8243;][et_pb_image admin_label=&#8221;Imagen&#8221; src=&#8221;http:\/\/www.casaulloa.es\/wp-content\/uploads\/2015\/11\/reservas.png&#8221; show_in_lightbox=&#8221;off&#8221; url_new_window=&#8221;off&#8221; animation=&#8221;off&#8221; sticky=&#8221;off&#8221; align=&#8221;left&#8221; force_fullwidth=&#8221;off&#8221; always_center_on_mobile=&#8221;on&#8221; use_border_color=&#8221;off&#8221; border_color=&#8221;#ffffff&#8221; border_style=&#8221;solid&#8221; \/][et_pb_toggle admin_label=&#8221;Conmutador&#8221; title=&#8221;Casa Ulloas Wappen&#8221; open=&#8221;on&#8221; use_border_color=&#8221;off&#8221; border_color=&#8221;#ffffff&#8221; border_style=&#8221;solid&#8221;]<\/p>\n<p><a href=\"http:\/\/www.casaulloa.es\/wp-content\/uploads\/2015\/11\/escudo-casa-ulloa.jpg\"><img decoding=\"async\" class=\"alignnone size-medium wp-image-113 lazyload\" data-src=\"http:\/\/www.casaulloa.es\/wp-content\/uploads\/2015\/11\/escudo-casa-ulloa-192x300.jpg\" alt=\"escudo-casa-ulloa\" width=\"192\" height=\"300\" data-srcset=\"https:\/\/www.casaulloa.es\/wp-content\/uploads\/2015\/11\/escudo-casa-ulloa.jpg 192w, https:\/\/www.casaulloa.es\/wp-content\/uploads\/2015\/11\/escudo-casa-ulloa-13x20.jpg 13w\" data-sizes=\"(max-width: 192px) 100vw, 192px\" src=\"data:image\/svg+xml;base64,PHN2ZyB3aWR0aD0iMSIgaGVpZ2h0PSIxIiB4bWxucz0iaHR0cDovL3d3dy53My5vcmcvMjAwMC9zdmciPjwvc3ZnPg==\" style=\"--smush-placeholder-width: 192px; --smush-placeholder-aspect-ratio: 192\/300;\" \/><\/a><\/p>\n<p class=\"Standard\"><span lang=\"DE\">Es ist Herrn Martinez Salazar`s Wappen. Es zeigt 2 sich gegen\u00fcber sitzende W\u00f6lfe welche auf einen Baum schauenund die 13 Sterne des Salazar.<\/span><\/p>\n<p>[\/et_pb_toggle][\/et_pb_column][et_pb_column type=&#8221;2_3&#8243;][et_pb_toggle admin_label=&#8221;Conmutador&#8221; title=&#8221;Casa Ulloa`s Geschichte&#8221; open=&#8221;on&#8221; use_border_color=&#8221;off&#8221; border_color=&#8221;#ffffff&#8221; border_style=&#8221;solid&#8221;]<\/p>\n<p><img decoding=\"async\" class=\"alignnone wp-image-114 size-full lazyload\" data-src=\"http:\/\/www.casaulloa.es\/wp-content\/uploads\/2015\/11\/casa-turismo-rural-galicia.jpg\" alt=\"casa-turismo-rural-galicia\" width=\"620\" height=\"364\" data-srcset=\"https:\/\/www.casaulloa.es\/wp-content\/uploads\/2015\/11\/casa-turismo-rural-galicia.jpg 620w, https:\/\/www.casaulloa.es\/wp-content\/uploads\/2015\/11\/casa-turismo-rural-galicia-300x176.jpg 300w, https:\/\/www.casaulloa.es\/wp-content\/uploads\/2015\/11\/casa-turismo-rural-galicia-20x12.jpg 20w\" data-sizes=\"(max-width: 620px) 100vw, 620px\" src=\"data:image\/svg+xml;base64,PHN2ZyB3aWR0aD0iMSIgaGVpZ2h0PSIxIiB4bWxucz0iaHR0cDovL3d3dy53My5vcmcvMjAwMC9zdmciPjwvc3ZnPg==\" style=\"--smush-placeholder-width: 620px; --smush-placeholder-aspect-ratio: 620\/364;\" \/><\/p>\n<p>[\/et_pb_toggle][et_pb_text admin_label=&#8221;Texto&#8221; background_layout=&#8221;light&#8221; text_orientation=&#8221;left&#8221; use_border_color=&#8221;off&#8221; border_color=&#8221;#ffffff&#8221; border_style=&#8221;solid&#8221;]<\/p>\n<p class=\"Standard\" style=\"text-align: justify;\"><span lang=\"DE\">Casa Ulloa liegt in der Kleinstadt Melide, im Stadtteil Cerol.<\/span><\/p>\n<p class=\"Standard\" style=\"text-align: justify;\"><span lang=\"DE\">Es gibt Bibliographische Referenzendes Hauses, Datierend auf das sp\u00e4te 17te Jhrd. . Es befindet sich dieser Zeit in Familienbesitz.<\/span><\/p>\n<p class=\"Standard\" style=\"text-align: justify;\"><span lang=\"DE\">Das einzige was sich in dieser Zeit \u00e4nderte war die Struktur des Geb\u00e4udes.<\/span><\/p>\n<p class=\"Standard\" style=\"text-align: justify;\"><span lang=\"DE\">Es liegen Dokumente vor, welche belegen das Herr Pedro Fucinos Boadound seine Familie als erstes in diesem Haus lebten.<\/span><\/p>\n<p class=\"Standard\" style=\"text-align: justify;\"><span lang=\"DE\">Sein Schwiegersohn Herr Miguel MartinezSalazar, geboren in Zallain der Province Vizcaya, war der Richter von Melide. Er wurde 1688 zu einem \u201eReal Chancrilleria de Valladolid. &#8211; Real Carta Ejecutoria de Vizcania\u201c ernannt.<\/span><\/p>\n<p class=\"Standard\" style=\"text-align: justify;\"><span lang=\"DE\">Sein Wappen ist heute noch an der Front des Hauses zu sehen. Sein Name erscheint auch bei einigen anderen Familiengeschichten der Gegend.Am Ende des 18ten Jhrd. Heiratete Frau Micaela Somoza Cornejo Herrn Juan Ulloa Varela Seijas und seit dieser Zeit tr\u00e4gt auch das Haus den Namen \u201eUlloa\u201c, welcher wiederum sehr bekannt ist in der Gegend.<\/span><\/p>\n<p class=\"Standard\" style=\"text-align: justify;\"><span lang=\"DE\">Ihr Urenkel, Herr Joaquin Ulloa Puga Plazierte zus\u00e4tzlich seine Initialien am eingang des Hauses.<\/span><\/p>\n<p class=\"Standard\" style=\"text-align: justify;\"><span lang=\"DE\">Zum Anfang des 20ten Jhrd. Wurde gegen\u00fcber des Hauses ein Brunnen gebaut, welcher mit Trinkwasser aus eigener Quelle l\u00e4uft.<\/span><\/p>\n<p class=\"Standard\" style=\"text-align: justify;\"><span lang=\"DE\">2012 schlie\u00dflich wurde der Renovierungsprozess abgeschlossen. Er richtete das Geb\u00e4ude nach heutigen Ma\u00dfst\u00e4ben aus , es behielt allerdings seine Historische Struktur bei.<\/span><\/p>\n<p>[\/et_pb_text][\/et_pb_column][\/et_pb_row][\/et_pb_section]<\/p>\n","protected":false},"excerpt":{"rendered":"<p>Es ist Herrn Martinez Salazar`s Wappen. Es zeigt 2 sich gegen\u00fcber sitzende W\u00f6lfe welche auf einen Baum schauenund die 13 Sterne des Salazar. Casa Ulloa liegt in der Kleinstadt Melide, im Stadtteil Cerol. Es gibt Bibliographische Referenzendes Hauses, Datierend auf das sp\u00e4te 17te Jhrd. . Es befindet sich dieser Zeit in Familienbesitz. Das einzige was [&hellip;]<\/p>\n","protected":false},"author":1,"featured_media":0,"parent":0,"menu_order":0,"comment_status":"closed","ping_status":"closed","template":"","meta":{"_et_pb_use_builder":"on","_et_pb_old_content":"","_et_gb_content_width":"","footnotes":""},"class_list":["post-910","page","type-page","status-publish","hentry"],"_links":{"self":[{"href":"https:\/\/www.casaulloa.es\/de\/wp-json\/wp\/v2\/pages\/910","targetHints":{"allow":["GET"]}}],"collection":[{"href":"https:\/\/www.casaulloa.es\/de\/wp-json\/wp\/v2\/pages"}],"about":[{"href":"https:\/\/www.casaulloa.es\/de\/wp-json\/wp\/v2\/types\/page"}],"author":[{"embeddable":true,"href":"https:\/\/www.casaulloa.es\/de\/wp-json\/wp\/v2\/users\/1"}],"replies":[{"embeddable":true,"href":"https:\/\/www.casaulloa.es\/de\/wp-json\/wp\/v2\/comments?post=910"}],"version-history":[{"count":4,"href":"https:\/\/www.casaulloa.es\/de\/wp-json\/wp\/v2\/pages\/910\/revisions"}],"predecessor-version":[{"id":3092,"href":"https:\/\/www.casaulloa.es\/de\/wp-json\/wp\/v2\/pages\/910\/revisions\/3092"}],"wp:attachment":[{"href":"https:\/\/www.casaulloa.es\/de\/wp-json\/wp\/v2\/media?parent=910"}],"curies":[{"name":"wp","href":"https:\/\/api.w.org\/{rel}","templated":true}]}}