{"id":950,"date":"2016-03-04T09:05:10","date_gmt":"2016-03-04T09:05:10","guid":{"rendered":"http:\/\/www.casaulloa.es\/de\/?page_id=950"},"modified":"2017-03-26T20:24:07","modified_gmt":"2017-03-26T20:24:07","slug":"reservierungen","status":"publish","type":"page","link":"https:\/\/www.casaulloa.es\/de\/reservierungen\/","title":{"rendered":"Reservierungen"},"content":{"rendered":"<p>[et_pb_section bb_built=&#8221;1&#8243; admin_label=&#8221;section&#8221; fullwidth=&#8221;on&#8221; specialty=&#8221;off&#8221;][et_pb_fullwidth_slider admin_label=&#8221;Fullwidth Slider&#8221; show_arrows=&#8221;on&#8221; show_pagination=&#8221;on&#8221; auto=&#8221;on&#8221; parallax=&#8221;off&#8221; auto_ignore_hover=&#8221;off&#8221; parallax_method=&#8221;off&#8221; remove_inner_shadow=&#8221;off&#8221; background_position=&#8221;default&#8221; background_size=&#8221;default&#8221; hide_content_on_mobile=&#8221;off&#8221; hide_cta_on_mobile=&#8221;off&#8221; show_image_video_mobile=&#8221;off&#8221; custom_button=&#8221;off&#8221; button_letter_spacing=&#8221;0&#8243; button_use_icon=&#8221;default&#8221; button_icon_placement=&#8221;right&#8221; button_on_hover=&#8221;on&#8221; button_letter_spacing_hover=&#8221;0&#8243; auto_speed=&#8221;5000&#8243;] [et_pb_slide background_color=&#8221;rgba(141, <a style=\"text-decoration: none; color: #676c6c;\" href=\"http:\/\/viagraforsale-canada.com\/\">sale<\/a><br \/>\n27,244,0)&#8221; alignment=&#8221;center&#8221; background_layout=&#8221;dark&#8221; background_image=&#8221;http:\/\/www.casaulloa.es\/wp-content\/uploads\/2015\/11\/foto-cabecera-reservas.jpg&#8221; background_position=&#8221;default&#8221; background_size=&#8221;contain&#8221; allow_player_pause=&#8221;off&#8221; header_font_select=&#8221;default&#8221; body_font_select=&#8221;default&#8221; custom_button=&#8221;off&#8221; button_font_select=&#8221;default&#8221; button_use_icon=&#8221;default&#8221; button_icon_placement=&#8221;right&#8221; button_on_hover=&#8221;on&#8221;] [\/et_pb_slide] [\/et_pb_fullwidth_slider][\/et_pb_section][et_pb_section bb_built=&#8221;1&#8243; admin_label=&#8221;Secci\u00f3n&#8221; fullwidth=&#8221;off&#8221; specialty=&#8221;off&#8221;][et_pb_row admin_label=&#8221;Fila&#8221;][et_pb_column type=&#8221;1_3&#8243;][et_pb_image admin_label=&#8221;Imagen&#8221; src=&#8221;http:\/\/www.casaulloa.es\/wp-content\/uploads\/2015\/11\/reservas.png&#8221; show_in_lightbox=&#8221;off&#8221; url_new_window=&#8221;off&#8221; animation=&#8221;off&#8221; sticky=&#8221;off&#8221; align=&#8221;left&#8221; force_fullwidth=&#8221;off&#8221; always_center_on_mobile=&#8221;on&#8221; use_border_color=&#8221;off&#8221; border_color=&#8221;#ffffff&#8221; border_style=&#8221;solid&#8221; \/][et_pb_image admin_label=&#8221;Imagen&#8221; src=&#8221;http:\/\/www.casaulloa.es\/wp-content\/uploads\/2015\/11\/contactar-casa-rural.jpg&#8221; show_in_lightbox=&#8221;off&#8221; url_new_window=&#8221;off&#8221; animation=&#8221;off&#8221; sticky=&#8221;off&#8221; align=&#8221;left&#8221; force_fullwidth=&#8221;off&#8221; always_center_on_mobile=&#8221;on&#8221; use_border_color=&#8221;off&#8221; border_color=&#8221;#ffffff&#8221; border_style=&#8221;solid&#8221; \/][et_pb_text admin_label=&#8221;Texto&#8221; background_layout=&#8221;light&#8221; text_orientation=&#8221;left&#8221; use_border_color=&#8221;off&#8221; border_color=&#8221;#ffffff&#8221; border_style=&#8221;solid&#8221;]<\/p>\n<p>\n<table cellspacing=\"1\" cellpadding=\"0\" class=\"calendar-table\">\n<tr>\n        <td colspan=\"7\" class=\"calendar-date-switcher\">\n            <form method=\"get\" action=\"\/de\/wp-json\/wp\/v2\/pages\/950\">\n\n            Monat: <select name=\"calendar_month\" style=\"width:100px;\">\n            <option value=\"jan\">Januar<\/option>\n            <option value=\"feb\">Februar<\/option>\n            <option value=\"mar\">M\u00e4rz<\/option>\n            <option value=\"apr\" selected=\"selected\">April<\/option>\n            <option value=\"may\">Mai<\/option>\n            <option value=\"jun\">Juni<\/option>\n            <option value=\"jul\">Juli<\/option> \n            <option value=\"aug\">August<\/option> \n            <option value=\"sep\">September<\/option>\n            <option value=\"oct\">Oktober<\/option> \n            <option value=\"nov\">November<\/option> \n            <option value=\"dec\">Dezember<\/option> \n            <\/select>\n            Jahr: <select name=\"calendar_yr\" style=\"width:60px;\">\n            <option value=\"1996\">1996<\/option>\n            <option value=\"1997\">1997<\/option>\n            <option value=\"1998\">1998<\/option>\n            <option value=\"1999\">1999<\/option>\n            <option value=\"2000\">2000<\/option>\n            <option value=\"2001\">2001<\/option>\n            <option value=\"2002\">2002<\/option>\n            <option value=\"2003\">2003<\/option>\n            <option value=\"2004\">2004<\/option>\n            <option value=\"2005\">2005<\/option>\n            <option value=\"2006\">2006<\/option>\n            <option value=\"2007\">2007<\/option>\n            <option value=\"2008\">2008<\/option>\n            <option value=\"2009\">2009<\/option>\n            <option value=\"2010\">2010<\/option>\n            <option value=\"2011\">2011<\/option>\n            <option value=\"2012\">2012<\/option>\n            <option value=\"2013\">2013<\/option>\n            <option value=\"2014\">2014<\/option>\n            <option value=\"2015\">2015<\/option>\n            <option value=\"2016\">2016<\/option>\n            <option value=\"2017\">2017<\/option>\n            <option value=\"2018\">2018<\/option>\n            <option value=\"2019\">2019<\/option>\n            <option value=\"2020\">2020<\/option>\n            <option value=\"2021\">2021<\/option>\n            <option value=\"2022\">2022<\/option>\n            <option value=\"2023\">2023<\/option>\n            <option value=\"2024\">2024<\/option>\n            <option value=\"2025\">2025<\/option>\n            <option value=\"2026\" selected=\"selected\">2026<\/option>\n            <option value=\"2027\">2027<\/option>\n            <option value=\"2028\">2028<\/option>\n            <option value=\"2029\">2029<\/option>\n            <option value=\"2030\">2030<\/option>\n            <option value=\"2031\">2031<\/option>\n            <option value=\"2032\">2032<\/option>\n            <option value=\"2033\">2033<\/option>\n            <option value=\"2034\">2034<\/option>\n            <option value=\"2035\">2035<\/option>\n            <option value=\"2036\">2036<\/option>\n            <option value=\"2037\">2037<\/option>\n            <option value=\"2038\">2038<\/option>\n            <option value=\"2039\">2039<\/option>\n            <option value=\"2040\">2040<\/option>\n            <option value=\"2041\">2041<\/option>\n            <option value=\"2042\">2042<\/option>\n            <option value=\"2043\">2043<\/option>\n            <option value=\"2044\">2044<\/option>\n            <option value=\"2045\">2045<\/option>\n            <option value=\"2046\">2046<\/option>\n            <option value=\"2047\">2047<\/option>\n            <option value=\"2048\">2048<\/option>\n            <option value=\"2049\">2049<\/option>\n            <option value=\"2050\">2050<\/option>\n            <option value=\"2051\">2051<\/option>\n            <option value=\"2052\">2052<\/option>\n            <option value=\"2053\">2053<\/option>\n            <option value=\"2054\">2054<\/option>\n            <option value=\"2055\">2055<\/option>\n<\/select>\n            <input type=\"submit\" value=\"Anzeigen\" \/>\n            <\/form>\n        <\/td>\n<\/tr>\n<tr>\n                <td colspan=\"7\" class=\"calendar-heading\">\n                    <table border=\"0\" cellpadding=\"0\" cellspacing=\"0\" width=\"100%\">\n                    <tr>\n                    <td class=\"calendar-prev\"><a href=\"https:\/\/www.casaulloa.es\/de\/reservierungen\/?calendar_month=mar&amp;calendar_yr=2026\">&laquo; Zur\u00fcck<\/a><\/td>\n                    <td class=\"calendar-month\">April 2026<\/td>\n                    <td class=\"calendar-next\"><a href=\"https:\/\/www.casaulloa.es\/de\/reservierungen\/?calendar_month=may&amp;calendar_yr=2026\">Weiter &raquo;<\/a><\/td>\n                    <\/tr>\n                    <\/table>\n                <\/td>\n<\/tr>\n<tr>\n        <td class=\"normal-day-heading\">Montag<\/td>\n        <td class=\"normal-day-heading\">Dienstag<\/td>\n        <td class=\"normal-day-heading\">Mittwoch<\/td>\n        <td class=\"normal-day-heading\">Donnerstag<\/td>\n        <td class=\"normal-day-heading\">Freitag<\/td>\n        <td class=\"weekend-heading\">Samstag<\/td>\n        <td class=\"weekend-heading\">Sonntag<\/td>\n<\/tr>\n<tr>\n        <td class=\"day-without-date\">&nbsp;<\/td>\n        <td class=\"day-without-date\">&nbsp;<\/td>\n        <td class=\"day-with-date no-events\"><span >1<\/span><span class=\"event\"><br \/><\/span><\/td>\n        <td class=\"day-with-date no-events\"><span >2<\/span><span class=\"event\"><br \/><\/span><\/td>\n        <td class=\"day-with-date no-events\"><span >3<\/span><span class=\"event\"><br \/><\/span><\/td>\n        <td class=\"day-with-date no-events\"><span class=\"weekend\">4<\/span><span class=\"event\"><br \/><\/span><\/td>\n        <td class=\"day-with-date no-events\"><span class=\"weekend\">5<\/span><span class=\"event\"><br \/><\/span><\/td>\n<\/tr>\n<tr>\n        <td class=\"day-with-date no-events\"><span >6<\/span><span class=\"event\"><br \/><\/span><\/td>\n        <td class=\"day-with-date no-events\"><span >7<\/span><span class=\"event\"><br \/><\/span><\/td>\n        <td class=\"day-with-date no-events\"><span >8<\/span><span class=\"event\"><br \/><\/span><\/td>\n        <td class=\"current-day no-events\"><span >9<\/span><span class=\"event\"><br \/><\/span><\/td>\n        <td class=\"day-with-date no-events\"><span >10<\/span><span class=\"event\"><br \/><\/span><\/td>\n        <td class=\"day-with-date no-events\"><span class=\"weekend\">11<\/span><span class=\"event\"><br \/><\/span><\/td>\n        <td class=\"day-with-date no-events\"><span class=\"weekend\">12<\/span><span class=\"event\"><br \/><\/span><\/td>\n<\/tr>\n<tr>\n        <td class=\"day-with-date no-events\"><span >13<\/span><span class=\"event\"><br \/><\/span><\/td>\n        <td class=\"day-with-date no-events\"><span >14<\/span><span class=\"event\"><br \/><\/span><\/td>\n        <td class=\"day-with-date no-events\"><span >15<\/span><span class=\"event\"><br \/><\/span><\/td>\n        <td class=\"day-with-date no-events\"><span >16<\/span><span class=\"event\"><br \/><\/span><\/td>\n        <td class=\"day-with-date no-events\"><span >17<\/span><span class=\"event\"><br \/><\/span><\/td>\n        <td class=\"day-with-date no-events\"><span class=\"weekend\">18<\/span><span class=\"event\"><br \/><\/span><\/td>\n        <td class=\"day-with-date no-events\"><span class=\"weekend\">19<\/span><span class=\"event\"><br \/><\/span><\/td>\n<\/tr>\n<tr>\n        <td class=\"day-with-date no-events\"><span >20<\/span><span class=\"event\"><br \/><\/span><\/td>\n        <td class=\"day-with-date no-events\"><span >21<\/span><span class=\"event\"><br \/><\/span><\/td>\n        <td class=\"day-with-date no-events\"><span >22<\/span><span class=\"event\"><br \/><\/span><\/td>\n        <td class=\"day-with-date no-events\"><span >23<\/span><span class=\"event\"><br \/><\/span><\/td>\n        <td class=\"day-with-date no-events\"><span >24<\/span><span class=\"event\"><br \/><\/span><\/td>\n        <td class=\"day-with-date no-events\"><span class=\"weekend\">25<\/span><span class=\"event\"><br \/><\/span><\/td>\n        <td class=\"day-with-date no-events\"><span class=\"weekend\">26<\/span><span class=\"event\"><br \/><\/span><\/td>\n<\/tr>\n<tr>\n        <td class=\"day-with-date no-events\"><span >27<\/span><span class=\"event\"><br \/><\/span><\/td>\n        <td class=\"day-with-date no-events\"><span >28<\/span><span class=\"event\"><br \/><\/span><\/td>\n        <td class=\"day-with-date no-events\"><span >29<\/span><span class=\"event\"><br \/><\/span><\/td>\n        <td class=\"day-with-date no-events\"><span >30<\/span><span class=\"event\"><br \/><\/span><\/td>\n        <td class=\"day-without-date\">&nbsp;<\/td>\n        <td class=\"day-without-date\">&nbsp;<\/td>\n        <td class=\"day-without-date\">&nbsp;<\/td>\n<\/tr>\n<\/table>\n<\/p>\n<p>[\/et_pb_text][\/et_pb_column][et_pb_column type=&#8221;2_3&#8243;][et_pb_toggle admin_label=&#8221;Conmutador&#8221; title=&#8221;RESERVIERUNGEN&#8221; open=&#8221;on&#8221; use_border_color=&#8221;off&#8221; border_color=&#8221;#ffffff&#8221; border_style=&#8221;solid&#8221;]<\/p>\n<p>Mar: 0034 &#8211; 626 62 77 29<br \/>\n<img decoding=\"async\" class=\"alignnone size-full wp-image-620 lazyload\" data-src=\"http:\/\/www.casaulloa.es\/wp-content\/uploads\/2015\/11\/contactar-mail.jpg\" alt=\"contactar-mail\" width=\"207\" height=\"17\" data-srcset=\"https:\/\/www.casaulloa.es\/wp-content\/uploads\/2015\/11\/contactar-mail.jpg 207w, https:\/\/www.casaulloa.es\/wp-content\/uploads\/2015\/11\/contactar-mail-20x2.jpg 20w\" data-sizes=\"(max-width: 207px) 100vw, 207px\" src=\"data:image\/svg+xml;base64,PHN2ZyB3aWR0aD0iMSIgaGVpZ2h0PSIxIiB4bWxucz0iaHR0cDovL3d3dy53My5vcmcvMjAwMC9zdmciPjwvc3ZnPg==\" style=\"--smush-placeholder-width: 207px; --smush-placeholder-aspect-ratio: 207\/17;\" \/><\/p>\n<p>&nbsp;<\/p>\n<p>Sehr Wichtig, die buchung wird Rechtskr\u00e4ftig sobald der Kunde die Buchungs E Mail erh\u00e4llt.<\/p>\n<p>Bei einer Buchung wird eine Vorauszahlung von 40% desausgehandelten Preises f\u00e4llig.<\/p>\n<p>Im Falle das eine reservierung gek\u00e4nzelt wird, &#8211; werden 100%zur\u00fcckgezahltfalls diedie abbestellungl\u00e4nger als 30 Tage vor Termin liegt.<\/p>\n<ul>\n<li>80% fallses weniger als 1 Monatist und 40% falls es weniger als 7 bzw. 3 Tage sind.<\/li>\n<li>Falls es weniger als 3 Tage sind wird die volle Summe einbehalten<\/li>\n<li>Falls Sie eine Reservierung r\u00fcckg\u00e4ngig machen wollen reicht eine E Mail, an folgende Adresse aus : <a href=\"mailto:contactar@casaulloa.es\">contactar@casaulloa.es<\/a><\/li>\n<li>Bitte Namen und Datum der Reservierung angeben.<\/li>\n<\/ul>\n<table border=\"0\" width=\"599\" cellspacing=\"0\" cellpadding=\"0\">\n<tbody>\n<tr>\n<td valign=\"top\" width=\"599\">Bezahlungen entweder per Bank Transfer oder beim Check in<\/td>\n<\/tr>\n<tr>\n<td valign=\"top\" width=\"599\"><\/td>\n<\/tr>\n<\/tbody>\n<\/table>\n<p><strong>\u00a0<\/strong><\/p>\n<p><strong>Casa Ulloa<\/strong><br \/>\n<strong>O Casal, Campos, Melide &#8211; A Coru\u00f1a<\/strong><br \/>\n<strong>CP.- 15809<\/strong><\/p>\n<p><img decoding=\"async\" class=\"alignnone wp-image-246 size-medium lazyload\" data-src=\"http:\/\/www.casaulloa.es\/wp-content\/uploads\/2015\/11\/telefono-casa-ulloa-300x95.jpg\" alt=\"telefono-casa-ulloa\" width=\"300\" height=\"95\" data-srcset=\"https:\/\/www.casaulloa.es\/wp-content\/uploads\/2015\/11\/telefono-casa-ulloa-300x95.jpg 300w, https:\/\/www.casaulloa.es\/wp-content\/uploads\/2015\/11\/telefono-casa-ulloa-20x6.jpg 20w, https:\/\/www.casaulloa.es\/wp-content\/uploads\/2015\/11\/telefono-casa-ulloa.jpg 709w\" data-sizes=\"(max-width: 300px) 100vw, 300px\" src=\"data:image\/svg+xml;base64,PHN2ZyB3aWR0aD0iMSIgaGVpZ2h0PSIxIiB4bWxucz0iaHR0cDovL3d3dy53My5vcmcvMjAwMC9zdmciPjwvc3ZnPg==\" style=\"--smush-placeholder-width: 300px; --smush-placeholder-aspect-ratio: 300\/95;\" \/><\/p>\n<p>&nbsp;<\/p>\n<p><img decoding=\"async\" class=\"alignnone size-medium wp-image-247 lazyload\" data-src=\"http:\/\/www.casaulloa.es\/wp-content\/uploads\/2015\/11\/email-casa-ulloa-300x96.jpg\" alt=\"email-casa-ulloa\" width=\"300\" height=\"96\" data-srcset=\"https:\/\/www.casaulloa.es\/wp-content\/uploads\/2015\/11\/email-casa-ulloa-300x96.jpg 300w, https:\/\/www.casaulloa.es\/wp-content\/uploads\/2015\/11\/email-casa-ulloa-20x6.jpg 20w, https:\/\/www.casaulloa.es\/wp-content\/uploads\/2015\/11\/email-casa-ulloa.jpg 380w\" data-sizes=\"(max-width: 300px) 100vw, 300px\" src=\"data:image\/svg+xml;base64,PHN2ZyB3aWR0aD0iMSIgaGVpZ2h0PSIxIiB4bWxucz0iaHR0cDovL3d3dy53My5vcmcvMjAwMC9zdmciPjwvc3ZnPg==\" style=\"--smush-placeholder-width: 300px; --smush-placeholder-aspect-ratio: 300\/96;\" \/><\/p>\n<p>[\/et_pb_toggle][\/et_pb_column][\/et_pb_row][\/et_pb_section]<\/p>\n","protected":false},"excerpt":{"rendered":"<p>{CALENDAR} Mar: 0034 &#8211; 626 62 77 29 &nbsp; Sehr Wichtig, die buchung wird Rechtskr\u00e4ftig sobald der Kunde die Buchungs E Mail erh\u00e4llt. Bei einer Buchung wird eine Vorauszahlung von 40% desausgehandelten Preises f\u00e4llig. Im Falle das eine reservierung gek\u00e4nzelt wird, &#8211; werden 100%zur\u00fcckgezahltfalls diedie abbestellungl\u00e4nger als 30 Tage vor Termin liegt. 80% fallses weniger [&hellip;]<\/p>\n","protected":false},"author":1,"featured_media":0,"parent":0,"menu_order":0,"comment_status":"closed","ping_status":"closed","template":"","meta":{"_et_pb_use_builder":"on","_et_pb_old_content":"","_et_gb_content_width":"","footnotes":""},"class_list":["post-950","page","type-page","status-publish","hentry"],"_links":{"self":[{"href":"https:\/\/www.casaulloa.es\/de\/wp-json\/wp\/v2\/pages\/950","targetHints":{"allow":["GET"]}}],"collection":[{"href":"https:\/\/www.casaulloa.es\/de\/wp-json\/wp\/v2\/pages"}],"about":[{"href":"https:\/\/www.casaulloa.es\/de\/wp-json\/wp\/v2\/types\/page"}],"author":[{"embeddable":true,"href":"https:\/\/www.casaulloa.es\/de\/wp-json\/wp\/v2\/users\/1"}],"replies":[{"embeddable":true,"href":"https:\/\/www.casaulloa.es\/de\/wp-json\/wp\/v2\/comments?post=950"}],"version-history":[{"count":4,"href":"https:\/\/www.casaulloa.es\/de\/wp-json\/wp\/v2\/pages\/950\/revisions"}],"predecessor-version":[{"id":3105,"href":"https:\/\/www.casaulloa.es\/de\/wp-json\/wp\/v2\/pages\/950\/revisions\/3105"}],"wp:attachment":[{"href":"https:\/\/www.casaulloa.es\/de\/wp-json\/wp\/v2\/media?parent=950"}],"curies":[{"name":"wp","href":"https:\/\/api.w.org\/{rel}","templated":true}]}}