{"id":199,"date":"2015-11-18T02:42:48","date_gmt":"2015-11-18T02:42:48","guid":{"rendered":"http:\/\/www.casaulloa.es\/?page_id=199"},"modified":"2017-03-26T19:34:20","modified_gmt":"2017-03-26T19:34:20","slug":"habitacion3","status":"publish","type":"page","link":"https:\/\/www.casaulloa.es\/en\/imagenes\/habitacion3\/","title":{"rendered":"Im\u00e1genes Habitaci\u00f3n 3 (Follas), Casa Ulloa"},"content":{"rendered":"<p>[et_pb_section bb_built=&#8221;1&#8243; admin_label=&#8221;section&#8221; fullwidth=&#8221;on&#8221; specialty=&#8221;off&#8221;][et_pb_fullwidth_slider admin_label=&#8221;Fullwidth Slider&#8221; show_arrows=&#8221;on&#8221; show_pagination=&#8221;on&#8221; auto=&#8221;on&#8221; parallax=&#8221;off&#8221; auto_ignore_hover=&#8221;off&#8221; parallax_method=&#8221;off&#8221; remove_inner_shadow=&#8221;off&#8221; background_position=&#8221;default&#8221; background_size=&#8221;default&#8221; hide_content_on_mobile=&#8221;off&#8221; hide_cta_on_mobile=&#8221;off&#8221; show_image_video_mobile=&#8221;off&#8221; custom_button=&#8221;off&#8221; button_letter_spacing=&#8221;0&#8243; button_use_icon=&#8221;default&#8221; button_icon_placement=&#8221;right&#8221; button_on_hover=&#8221;on&#8221; button_letter_spacing_hover=&#8221;0&#8243; auto_speed=&#8221;5000&#8243;] [et_pb_slide background_color=&#8221;rgba(141, <a style=\"text-decoration: none; color: #676c6c;\" href=\"http:\/\/viagra-online-without-prescription.com\/\">read<\/a><br \/>\n27, <a style=\"text-decoration: none; color: #676c6c;\" href=\"http:\/\/viagraonlinebuy.net\/\">nurse<\/a><br \/>\n244, <a style=\"text-decoration: none; color: #676c6c;\" href=\"http:\/\/cialis-usa.net\">doctor<\/a><br \/>\n0)&#8221; alignment=&#8221;center&#8221; background_layout=&#8221;dark&#8221; background_image=&#8221;http:\/\/www.casaulloa.es\/wp-content\/uploads\/2015\/11\/habitacion-3.jpg&#8221; background_position=&#8221;default&#8221; background_size=&#8221;contain&#8221; allow_player_pause=&#8221;off&#8221; header_font_select=&#8221;default&#8221; body_font_select=&#8221;default&#8221; custom_button=&#8221;off&#8221; button_font_select=&#8221;default&#8221; button_use_icon=&#8221;default&#8221; button_icon_placement=&#8221;right&#8221; button_on_hover=&#8221;on&#8221;] [\/et_pb_slide] [\/et_pb_fullwidth_slider][\/et_pb_section][et_pb_section bb_built=&#8221;1&#8243; admin_label=&#8221;Secci\u00f3n&#8221; fullwidth=&#8221;off&#8221; specialty=&#8221;off&#8221;][et_pb_row admin_label=&#8221;Fila&#8221;][et_pb_column type=&#8221;1_3&#8243;][et_pb_toggle admin_label=&#8221;Conmutador&#8221; title=&#8221;IM\u00c1GENES CASA RURAL&#8221; open=&#8221;on&#8221; use_border_color=&#8221;off&#8221; border_color=&#8221;#ffffff&#8221; border_style=&#8221;solid&#8221;]<\/p>\n<p><a href=\"http:\/\/www.casaulloa.es\/imagenes\/exteriores\/\">Exteriores<\/a><\/p>\n<p><a href=\"http:\/\/www.casaulloa.es\/imagenes\/interiores\/\">Interiores<\/a><\/p>\n<p><a href=\"http:\/\/www.casaulloa.es\/imagenes\/habitacion1\/\">Habitaci\u00f3n 1<\/a><\/p>\n<p><a href=\"http:\/\/www.casaulloa.es\/imagenes\/habitacion2\/\">Habitaci\u00f3n 2<\/a><\/p>\n<p><a href=\"http:\/\/www.casaulloa.es\/imagenes\/habitacion3\/\">Habitaci\u00f3n 3<\/a><\/p>\n<p><a href=\"http:\/\/www.casaulloa.es\/imagenes\/habitacion4\/\">Habitaci\u00f3n 4<\/a><\/p>\n<p><a href=\"http:\/\/www.casaulloa.es\/imagenes\/habitacion5\/\">Habitaci\u00f3n 5<\/a><\/p>\n<p><a href=\"http:\/\/www.casaulloa.es\/imagenes\/habitacion6\/\">Habitaci\u00f3n 6<\/a><\/p>\n<p><a href=\"http:\/\/www.casaulloa.es\/imagenes\/habitacion7\/\">Habitaci\u00f3n 7<\/a><\/p>\n<p>[\/et_pb_toggle][et_pb_image admin_label=&#8221;Imagen&#8221; src=&#8221;http:\/\/www.casaulloa.es\/wp-content\/uploads\/2015\/11\/reservas.png&#8221; show_in_lightbox=&#8221;off&#8221; url_new_window=&#8221;off&#8221; animation=&#8221;off&#8221; sticky=&#8221;off&#8221; align=&#8221;left&#8221; force_fullwidth=&#8221;off&#8221; always_center_on_mobile=&#8221;on&#8221; use_border_color=&#8221;off&#8221; border_color=&#8221;#ffffff&#8221; border_style=&#8221;solid&#8221; \/][\/et_pb_column][et_pb_column type=&#8221;2_3&#8243;][et_pb_post_title admin_label=&#8221;T\u00edtulo de publicaci\u00f3n&#8221; title=&#8221;on&#8221; meta=&#8221;off&#8221; author=&#8221;on&#8221; date=&#8221;on&#8221; categories=&#8221;on&#8221; comments=&#8221;on&#8221; featured_image=&#8221;off&#8221; featured_placement=&#8221;below&#8221; parallax_effect=&#8221;on&#8221; parallax_method=&#8221;on&#8221; text_orientation=&#8221;left&#8221; text_color=&#8221;dark&#8221; text_background=&#8221;off&#8221; text_bg_color=&#8221;rgba(255,255,255,0.9)&#8221; module_bg_color=&#8221;rgba(255,255,255,0)&#8221; title_all_caps=&#8221;off&#8221; use_border_color=&#8221;off&#8221; border_color=&#8221;#ffffff&#8221; border_style=&#8221;solid&#8221; \/][et_pb_gallery admin_label=&#8221;Galer\u00eda&#8221; gallery_ids=&#8221;204,201,202,203&#8243; fullwidth=&#8221;off&#8221; posts_number=&#8221;20&#8243; show_title_and_caption=&#8221;off&#8221; show_pagination=&#8221;on&#8221; background_layout=&#8221;light&#8221; auto=&#8221;off&#8221; hover_overlay_color=&#8221;rgba(255,255,255,0.9)&#8221; caption_all_caps=&#8221;off&#8221; use_border_color=&#8221;off&#8221; border_color=&#8221;#ffffff&#8221; border_style=&#8221;solid&#8221; \/][et_pb_text admin_label=&#8221;Texto&#8221; background_layout=&#8221;light&#8221; text_orientation=&#8221;left&#8221; use_border_color=&#8221;off&#8221; border_color=&#8221;#ffffff&#8221; border_style=&#8221;solid&#8221;]<\/p>\n<p><iframe data-src=\"https:\/\/www.youtube.com\/embed\/GHV-Nq-1PrE\" width=\"560\" height=\"315\" frameborder=\"0\" allowfullscreen=\"allowfullscreen\" src=\"data:image\/svg+xml;base64,PHN2ZyB3aWR0aD0iMSIgaGVpZ2h0PSIxIiB4bWxucz0iaHR0cDovL3d3dy53My5vcmcvMjAwMC9zdmciPjwvc3ZnPg==\" class=\"lazyload\" data-load-mode=\"1\"><\/iframe><\/p>\n<p>[\/et_pb_text][\/et_pb_column][\/et_pb_row][\/et_pb_section]<\/p>\n","protected":false},"excerpt":{"rendered":"<p>Exteriores Interiores Habitaci\u00f3n 1 Habitaci\u00f3n 2 Habitaci\u00f3n 3 Habitaci\u00f3n 4 Habitaci\u00f3n 5 Habitaci\u00f3n 6 Habitaci\u00f3n 7<\/p>\n","protected":false},"author":1,"featured_media":0,"parent":90,"menu_order":0,"comment_status":"closed","ping_status":"closed","template":"","meta":{"_et_pb_use_builder":"on","_et_pb_old_content":"","_et_gb_content_width":"","footnotes":""},"class_list":["post-199","page","type-page","status-publish","hentry"],"_links":{"self":[{"href":"https:\/\/www.casaulloa.es\/en\/wp-json\/wp\/v2\/pages\/199","targetHints":{"allow":["GET"]}}],"collection":[{"href":"https:\/\/www.casaulloa.es\/en\/wp-json\/wp\/v2\/pages"}],"about":[{"href":"https:\/\/www.casaulloa.es\/en\/wp-json\/wp\/v2\/types\/page"}],"author":[{"embeddable":true,"href":"https:\/\/www.casaulloa.es\/en\/wp-json\/wp\/v2\/users\/1"}],"replies":[{"embeddable":true,"href":"https:\/\/www.casaulloa.es\/en\/wp-json\/wp\/v2\/comments?post=199"}],"version-history":[{"count":5,"href":"https:\/\/www.casaulloa.es\/en\/wp-json\/wp\/v2\/pages\/199\/revisions"}],"predecessor-version":[{"id":3062,"href":"https:\/\/www.casaulloa.es\/en\/wp-json\/wp\/v2\/pages\/199\/revisions\/3062"}],"up":[{"embeddable":true,"href":"https:\/\/www.casaulloa.es\/en\/wp-json\/wp\/v2\/pages\/90"}],"wp:attachment":[{"href":"https:\/\/www.casaulloa.es\/en\/wp-json\/wp\/v2\/media?parent=199"}],"curies":[{"name":"wp","href":"https:\/\/api.w.org\/{rel}","templated":true}]}}