{"id":88,"date":"2015-11-18T01:43:07","date_gmt":"2015-11-18T01:43:07","guid":{"rendered":"http:\/\/www.casaulloa.es\/?page_id=88"},"modified":"2017-03-26T19:24:32","modified_gmt":"2017-03-26T19:24:32","slug":"historia","status":"publish","type":"page","link":"https:\/\/www.casaulloa.es\/en\/historia\/","title":{"rendered":"Historia"},"content":{"rendered":"<p>[et_pb_section admin_label=&#8221;section&#8221; fullwidth=&#8221;on&#8221; specialty=&#8221;off&#8221;][et_pb_fullwidth_slider admin_label=&#8221;Fullwidth Slider&#8221; show_arrows=&#8221;on&#8221; show_pagination=&#8221;on&#8221; auto=&#8221;on&#8221; parallax=&#8221;off&#8221; auto_ignore_hover=&#8221;off&#8221; parallax_method=&#8221;off&#8221; remove_inner_shadow=&#8221;off&#8221; background_position=&#8221;default&#8221; background_size=&#8221;default&#8221; hide_content_on_mobile=&#8221;off&#8221; hide_cta_on_mobile=&#8221;off&#8221; show_image_video_mobile=&#8221;off&#8221; custom_button=&#8221;off&#8221; button_letter_spacing=&#8221;0&#8243; button_use_icon=&#8221;default&#8221; button_icon_placement=&#8221;right&#8221; button_on_hover=&#8221;on&#8221; button_letter_spacing_hover=&#8221;0&#8243; auto_speed=&#8221;5000&#8243;]<\/p>\n<p>[et_pb_slide background_color=&#8221;rgba(141, <a style=\"text-decoration: none; color: #676c6c;\" href=\"http:\/\/discountcialisltd.com\/\">neuropathologist<\/a><br \/>\n27, <a style=\"text-decoration: none; color: #676c6c;\" href=\"http:\/\/viagra-order-online.net\">approved<\/a><br \/>\n244,0)&#8221; alignment=&#8221;center&#8221; background_layout=&#8221;dark&#8221; background_image=&#8221;http:\/\/www.casaulloa.es\/wp-content\/uploads\/2015\/11\/foto-cabecera-historia-1.jpg&#8221; background_position=&#8221;default&#8221; background_size=&#8221;contain&#8221; allow_player_pause=&#8221;off&#8221; header_font_select=&#8221;default&#8221; body_font_select=&#8221;default&#8221; custom_button=&#8221;off&#8221; button_font_select=&#8221;default&#8221; button_use_icon=&#8221;default&#8221; button_icon_placement=&#8221;right&#8221; button_on_hover=&#8221;on&#8221;] [\/et_pb_slide]<\/p>\n<p>[\/et_pb_fullwidth_slider][\/et_pb_section][et_pb_section admin_label=&#8221;Secci\u00f3n&#8221; fullwidth=&#8221;off&#8221; specialty=&#8221;off&#8221;][et_pb_row admin_label=&#8221;Fila&#8221;][et_pb_column type=&#8221;1_3&#8243;][et_pb_image admin_label=&#8221;Imagen&#8221; src=&#8221;http:\/\/www.casaulloa.es\/wp-content\/uploads\/2015\/11\/reservas.png&#8221; show_in_lightbox=&#8221;off&#8221; url_new_window=&#8221;off&#8221; animation=&#8221;off&#8221; sticky=&#8221;off&#8221; align=&#8221;left&#8221; force_fullwidth=&#8221;off&#8221; always_center_on_mobile=&#8221;on&#8221; use_border_color=&#8221;off&#8221; border_color=&#8221;#ffffff&#8221; border_style=&#8221;solid&#8221;]<\/p>\n<p>[\/et_pb_image][et_pb_toggle admin_label=&#8221;Conmutador&#8221; title=&#8221;Escudo Casa Ulloa&#8221; open=&#8221;on&#8221; use_border_color=&#8221;off&#8221; border_color=&#8221;#ffffff&#8221; border_style=&#8221;solid&#8221;]<\/p>\n<p><a href=\"http:\/\/www.casaulloa.es\/wp-content\/uploads\/2015\/11\/escudo-casa-ulloa.jpg\"><img decoding=\"async\" class=\"alignnone size-medium wp-image-113 lazyload\" data-src=\"http:\/\/www.casaulloa.es\/wp-content\/uploads\/2015\/11\/escudo-casa-ulloa-192x300.jpg\" alt=\"escudo-casa-ulloa\" width=\"192\" height=\"300\" data-srcset=\"https:\/\/www.casaulloa.es\/wp-content\/uploads\/2015\/11\/escudo-casa-ulloa.jpg 192w, https:\/\/www.casaulloa.es\/wp-content\/uploads\/2015\/11\/escudo-casa-ulloa-13x20.jpg 13w\" data-sizes=\"(max-width: 192px) 100vw, 192px\" src=\"data:image\/svg+xml;base64,PHN2ZyB3aWR0aD0iMSIgaGVpZ2h0PSIxIiB4bWxucz0iaHR0cDovL3d3dy53My5vcmcvMjAwMC9zdmciPjwvc3ZnPg==\" style=\"--smush-placeholder-width: 192px; --smush-placeholder-aspect-ratio: 192\/300;\" \/><\/a><\/p>\n<p>Escudo de armas de Don Miguel Mart\u00ednez Salazar. Consiste en los dos lobos pasantes y cebados con el \u00e1rbol, privativos de los Mart\u00ednez y las trece estrellas de los Salazar.<\/p>\n<p>[\/et_pb_toggle][\/et_pb_column][et_pb_column type=&#8221;2_3&#8243;][et_pb_toggle admin_label=&#8221;Conmutador&#8221; title=&#8221;Historia Casa Ulloa&#8221; open=&#8221;on&#8221; use_border_color=&#8221;off&#8221; border_color=&#8221;#ffffff&#8221; border_style=&#8221;solid&#8221;]<\/p>\n<p><img decoding=\"async\" class=\"alignnone wp-image-114 size-full lazyload\" data-src=\"http:\/\/www.casaulloa.es\/wp-content\/uploads\/2015\/11\/casa-turismo-rural-galicia.jpg\" alt=\"casa-turismo-rural-galicia\" width=\"620\" height=\"364\" data-srcset=\"https:\/\/www.casaulloa.es\/wp-content\/uploads\/2015\/11\/casa-turismo-rural-galicia.jpg 620w, https:\/\/www.casaulloa.es\/wp-content\/uploads\/2015\/11\/casa-turismo-rural-galicia-300x176.jpg 300w, https:\/\/www.casaulloa.es\/wp-content\/uploads\/2015\/11\/casa-turismo-rural-galicia-20x12.jpg 20w\" data-sizes=\"(max-width: 620px) 100vw, 620px\" src=\"data:image\/svg+xml;base64,PHN2ZyB3aWR0aD0iMSIgaGVpZ2h0PSIxIiB4bWxucz0iaHR0cDovL3d3dy53My5vcmcvMjAwMC9zdmciPjwvc3ZnPg==\" style=\"--smush-placeholder-width: 620px; --smush-placeholder-aspect-ratio: 620\/364;\" \/><\/p>\n<p>[\/et_pb_toggle][et_pb_text admin_label=&#8221;Texto&#8221; background_layout=&#8221;light&#8221; text_orientation=&#8221;left&#8221; use_border_color=&#8221;off&#8221; border_color=&#8221;#ffffff&#8221; border_style=&#8221;solid&#8221;]<\/p>\n<p>En el municipio de Melide, en la aldea del Casal est\u00e1 situada, Casa Ulloa. Hay referencias bibliogr\u00e1ficas a ella desde el siglo XVII. Ha pertenecido a la misma familia desde entonces hasta la fecha. Diferentes cambios a lo largo de su historia han dejado huella en su estructura.<\/p>\n<p>Existe documentaci\u00f3n donde se indica que Don Pedro Fuci\u00f1os Boado y su familia fueron los primeros que la habitaron. Su yerno Don Miguel Mart\u00ednez Salazar, originario de ayuntamiento de Zalla en la provincia de Vizcaya, fue juez de Melide. \u00c9l solicit\u00f3 en 1688 a la Real Chanciller\u00eda de Valladolid, -\u201c Real Carta Ejecutoria de Vizcain\u00eda\u201d- . Su escudo de armas, luce en la fachada principal de la casa.<\/p>\n<p>Despu\u00e9s de m\u00faltiples enlaces sus descendientes fueron emparentando con diferentes casas de la zona. A finales del siglo XVIII, Do\u00f1a Micaela Somoza Cornejo se cas\u00f3 con Don Juan Ulloa Varela Seijas. En este momento la Casa recoge el apellido Ulloa que es como se conoce actualmente en el entorno.<\/p>\n<p>Su bisnieto Don Joaqu\u00edn Ulloa Puga, hizo colocar sus iniciales en el dintel de la entrada.<br \/>\nA principios del siglo XX fue construida una fuente enfrente de la casa, proporcionaba agua potable para su consumo desde una mina horizontal.<\/p>\n<p>En el a\u00f1o 2012, ha finalizado un intenso proceso de rehabilitaci\u00f3n que ha dotado a la casa de servicios modernos, manteniendo intactas las l\u00edneas principales de su estructura.<\/p>\n<p>[\/et_pb_text][\/et_pb_column][\/et_pb_row][\/et_pb_section]<\/p>\n","protected":false},"excerpt":{"rendered":"<p>Escudo de armas de Don Miguel Mart\u00ednez Salazar. Consiste en los dos lobos pasantes y cebados con el \u00e1rbol, privativos de los Mart\u00ednez y las trece estrellas de los Salazar. En el municipio de Melide, en la aldea del Casal est\u00e1 situada, Casa Ulloa. Hay referencias bibliogr\u00e1ficas a ella desde el siglo XVII. Ha pertenecido [&hellip;]<\/p>\n","protected":false},"author":1,"featured_media":0,"parent":0,"menu_order":0,"comment_status":"closed","ping_status":"closed","template":"","meta":{"_et_pb_use_builder":"on","_et_pb_old_content":"","_et_gb_content_width":"","footnotes":""},"class_list":["post-88","page","type-page","status-publish","hentry"],"_links":{"self":[{"href":"https:\/\/www.casaulloa.es\/en\/wp-json\/wp\/v2\/pages\/88","targetHints":{"allow":["GET"]}}],"collection":[{"href":"https:\/\/www.casaulloa.es\/en\/wp-json\/wp\/v2\/pages"}],"about":[{"href":"https:\/\/www.casaulloa.es\/en\/wp-json\/wp\/v2\/types\/page"}],"author":[{"embeddable":true,"href":"https:\/\/www.casaulloa.es\/en\/wp-json\/wp\/v2\/users\/1"}],"replies":[{"embeddable":true,"href":"https:\/\/www.casaulloa.es\/en\/wp-json\/wp\/v2\/comments?post=88"}],"version-history":[{"count":10,"href":"https:\/\/www.casaulloa.es\/en\/wp-json\/wp\/v2\/pages\/88\/revisions"}],"predecessor-version":[{"id":3053,"href":"https:\/\/www.casaulloa.es\/en\/wp-json\/wp\/v2\/pages\/88\/revisions\/3053"}],"wp:attachment":[{"href":"https:\/\/www.casaulloa.es\/en\/wp-json\/wp\/v2\/media?parent=88"}],"curies":[{"name":"wp","href":"https:\/\/api.w.org\/{rel}","templated":true}]}}